{"id":469,"date":"2022-02-12T19:27:28","date_gmt":"2022-02-12T18:27:28","guid":{"rendered":"https:\/\/event.squashjeudepaume.com\/?post_type=product&#038;p=469"},"modified":"2022-05-01T17:40:38","modified_gmt":"2022-05-01T15:40:38","slug":"black-tie-awards-dinner","status":"publish","type":"product","link":"https:\/\/event.squashjeudepaume.com\/en\/boutique\/black-tie-awards-dinner\/","title":{"rendered":"Black Tie Awards Dinner"},"content":{"rendered":"<p>Les troph\u00e9es seront remis lors d\u2019un d\u00eener-croisi\u00e8re en tenue de soir\u00e9e sur la Seine au c\u0153ur de la Ville Lumi\u00e8re le dimanche 29 mai. L\u2019embarquement s\u2019effectuera en face de la Tour Eiffel \u00e0 quelques centaines de m\u00e8tres du Club.<\/p>\n<p>A cruise on the Seine river in the heart of the City of Lights will host the Black Tie Awards Dinner on Sunday, May, 29. The boarding will take place in front of the Eiffel Tower at walking distance from the Club.<\/p>","protected":false},"excerpt":{"rendered":"<p>Les troph\u00e9es seront remis lors d\u2019un d\u00eener-croisi\u00e8re en tenue de soir\u00e9e sur la Seine au c\u0153ur de la Ville Lumi\u00e8re le dimanche 29 mai. L\u2019embarquement s\u2019effectuera en face de la [&hellip;]<\/p>\n","protected":false},"featured_media":541,"template":"","meta":[],"product_brand":[],"product_cat":[33],"product_tag":[],"class_list":{"0":"post-469","1":"product","2":"type-product","3":"status-publish","4":"has-post-thumbnail","6":"product_cat-others","8":"first","9":"instock","10":"shipping-taxable","11":"purchasable","12":"product-type-simple"},"_links":{"self":[{"href":"https:\/\/event.squashjeudepaume.com\/en\/wp-json\/wp\/v2\/product\/469","targetHints":{"allow":["GET"]}}],"collection":[{"href":"https:\/\/event.squashjeudepaume.com\/en\/wp-json\/wp\/v2\/product"}],"about":[{"href":"https:\/\/event.squashjeudepaume.com\/en\/wp-json\/wp\/v2\/types\/product"}],"wp:featuredmedia":[{"embeddable":true,"href":"https:\/\/event.squashjeudepaume.com\/en\/wp-json\/wp\/v2\/media\/541"}],"wp:attachment":[{"href":"https:\/\/event.squashjeudepaume.com\/en\/wp-json\/wp\/v2\/media?parent=469"}],"wp:term":[{"taxonomy":"product_brand","embeddable":true,"href":"https:\/\/event.squashjeudepaume.com\/en\/wp-json\/wp\/v2\/product_brand?post=469"},{"taxonomy":"product_cat","embeddable":true,"href":"https:\/\/event.squashjeudepaume.com\/en\/wp-json\/wp\/v2\/product_cat?post=469"},{"taxonomy":"product_tag","embeddable":true,"href":"https:\/\/event.squashjeudepaume.com\/en\/wp-json\/wp\/v2\/product_tag?post=469"}],"curies":[{"name":"wp","href":"https:\/\/api.w.org\/{rel}","templated":true}]}}